{"id":6034,"date":"2023-06-26T03:08:30","date_gmt":"2023-06-26T03:08:30","guid":{"rendered":"https:\/\/frostngoodness.com\/?page_id=6034"},"modified":"2024-12-04T20:51:00","modified_gmt":"2024-12-04T20:51:00","slug":"mango-sliced","status":"publish","type":"page","link":"https:\/\/www.taleensfood.com\/fr\/mango-sliced\/","title":{"rendered":"Mangue en tranches"},"content":{"rendered":"<div data-elementor-type=\"wp-page\" data-elementor-id=\"6034\" class=\"elementor elementor-6034\">\n\t\t\t\t\t\t<section class=\"elementor-section elementor-top-section elementor-element elementor-element-95a1a9a elementor-section-boxed elementor-section-height-default elementor-section-height-default\" data-id=\"95a1a9a\" data-element_type=\"section\">\n\t\t\t\t\t\t<div class=\"elementor-container elementor-column-gap-default\">\n\t\t\t\t\t<div class=\"elementor-column elementor-col-100 elementor-top-column elementor-element elementor-element-27dd4c2\" data-id=\"27dd4c2\" data-element_type=\"column\">\n\t\t\t<div class=\"elementor-widget-wrap elementor-element-populated\">\n\t\t\t\t\t\t<div class=\"elementor-element elementor-element-4f29d4e elementor-widget elementor-widget-spacer\" data-id=\"4f29d4e\" data-element_type=\"widget\" data-widget_type=\"spacer.default\">\n\t\t\t\t<div class=\"elementor-widget-container\">\n\t\t\t\t\t\t\t<div class=\"elementor-spacer\">\n\t\t\t<div class=\"elementor-spacer-inner\"><\/div>\n\t\t<\/div>\n\t\t\t\t\t\t<\/div>\n\t\t\t\t<\/div>\n\t\t\t\t\t<\/div>\n\t\t<\/div>\n\t\t\t\t\t<\/div>\n\t\t<\/section>\n\t\t\t\t<section class=\"elementor-section elementor-top-section elementor-element elementor-element-653cc25 elementor-section-content-middle elementor-section-boxed elementor-section-height-default elementor-section-height-default\" data-id=\"653cc25\" data-element_type=\"section\" data-settings=\"{&quot;background_background&quot;:&quot;classic&quot;}\">\n\t\t\t\t\t\t\t<div class=\"elementor-background-overlay\"><\/div>\n\t\t\t\t\t\t\t<div class=\"elementor-container elementor-column-gap-default\">\n\t\t\t\t\t<div class=\"elementor-column elementor-col-100 elementor-top-column elementor-element elementor-element-07635f4\" data-id=\"07635f4\" data-element_type=\"column\">\n\t\t\t<div class=\"elementor-widget-wrap elementor-element-populated\">\n\t\t\t\t\t\t<div class=\"elementor-element elementor-element-8873dfd elementor-widget elementor-widget-heading\" data-id=\"8873dfd\" data-element_type=\"widget\" data-widget_type=\"heading.default\">\n\t\t\t\t<div class=\"elementor-widget-container\">\n\t\t\t\t\t<h1 class=\"elementor-heading-title elementor-size-default\">Taleen's Mango Sliced<\/h1>\t\t\t\t<\/div>\n\t\t\t\t<\/div>\n\t\t\t\t\t<\/div>\n\t\t<\/div>\n\t\t\t\t\t<\/div>\n\t\t<\/section>\n\t\t\t\t<section class=\"elementor-section elementor-top-section elementor-element elementor-element-6dd08cx elementor-section-content-middle elementor-section-boxed elementor-section-height-default elementor-section-height-default\" data-id=\"6dd08cx\" data-element_type=\"section\" data-settings=\"{&quot;background_background&quot;:&quot;classic&quot;}\">\n\t\t\t\t\t\t\t<div class=\"elementor-background-overlay\"><\/div>\n\t\t\t\t\t\t\t<div class=\"elementor-container elementor-column-gap-no\">\n\t\t\t\t\t<div class=\"elementor-column elementor-col-50 elementor-top-column elementor-element elementor-element-ae5748a\" data-id=\"ae5748a\" data-element_type=\"column\">\n\t\t\t<div class=\"elementor-widget-wrap elementor-element-populated\">\n\t\t\t\t\t\t<div class=\"elementor-element elementor-element-fe0145e elementor-widget elementor-widget-text-editor\" data-id=\"fe0145e\" data-element_type=\"widget\" data-widget_type=\"text-editor.default\">\n\t\t\t\t<div class=\"elementor-widget-container\">\n\t\t\t\t\t\t\t\t\t<p><strong>Nos tranches de mangue surgel\u00e9es sont le compl\u00e9ment parfait \u00e0 n'importe quel plat, que vous cherchiez \u00e0 faire un smoothie rafra\u00eechissant ou \u00e0 ajouter une touche sucr\u00e9e et acidul\u00e9e \u00e0 votre dessert pr\u00e9f\u00e9r\u00e9.<\/strong><\/p><p><strong>Nous s\u00e9lectionnons avec soin uniquement les mangues de la plus haute qualit\u00e9 et les congelons \u00e0 leur maturit\u00e9 maximale, en veillant \u00e0 ce que chaque tranche regorge de saveur de mangue juteuse.<\/strong><\/p><p><strong>Our frozen mango slices are also a great source of vitamin C, making them a healthy and convenient way to get your daily dose of nutrients. With Taleen&#8217;s frozen mango slices, you can enjoy the taste and benefits of fresh mangoes year-round. Whether you&#8217;re a busy professional, a health-conscious parent, or just a lover of delicious fruit, our frozen mango slices are the perfect choice for you.\u00a0<\/strong><\/p>\t\t\t\t\t\t\t\t<\/div>\n\t\t\t\t<\/div>\n\t\t\t\t<div class=\"elementor-element elementor-element-d5f0685 elementor-align-left elementor-widget__width-initial elementor-widget elementor-widget-button\" data-id=\"d5f0685\" data-element_type=\"widget\" data-widget_type=\"button.default\">\n\t\t\t\t<div class=\"elementor-widget-container\">\n\t\t\t\t\t\t\t\t\t<div class=\"elementor-button-wrapper\">\n\t\t\t\t\t<a class=\"elementor-button elementor-button-link elementor-size-sm\" href=\"#\">\n\t\t\t\t\t\t<span class=\"elementor-button-content-wrapper\">\n\t\t\t\t\t\t\t\t\t<span class=\"elementor-button-text\">Gardez congel\u00e9 en dessous de -18 C<\/span>\n\t\t\t\t\t<\/span>\n\t\t\t\t\t<\/a>\n\t\t\t\t<\/div>\n\t\t\t\t\t\t\t\t<\/div>\n\t\t\t\t<\/div>\n\t\t\t\t\t<\/div>\n\t\t<\/div>\n\t\t\t\t<div class=\"elementor-column elementor-col-50 elementor-top-column elementor-element elementor-element-88b6ccd\" data-id=\"88b6ccd\" data-element_type=\"column\">\n\t\t\t<div class=\"elementor-widget-wrap elementor-element-populated\">\n\t\t\t\t\t\t<div class=\"elementor-element elementor-element-4260634 elementor-widget elementor-widget-image\" data-id=\"4260634\" data-element_type=\"widget\" data-widget_type=\"image.default\">\n\t\t\t\t<div class=\"elementor-widget-container\">\n\t\t\t\t\t\t\t\t\t\t\t\t\t\t\t<img fetchpriority=\"high\" decoding=\"async\" width=\"819\" height=\"1024\" src=\"https:\/\/www.taleensfood.com\/wp-content\/uploads\/2024\/06\/Mango-copy-819x1024.png\" class=\"attachment-large size-large wp-image-6742\" alt=\"\" srcset=\"https:\/\/www.taleensfood.com\/wp-content\/uploads\/2024\/06\/Mango-copy-819x1024.png 819w, https:\/\/www.taleensfood.com\/wp-content\/uploads\/2024\/06\/Mango-copy-240x300.png 240w, https:\/\/www.taleensfood.com\/wp-content\/uploads\/2024\/06\/Mango-copy-768x961.png 768w, https:\/\/www.taleensfood.com\/wp-content\/uploads\/2024\/06\/Mango-copy-1228x1536.png 1228w, https:\/\/www.taleensfood.com\/wp-content\/uploads\/2024\/06\/Mango-copy-1637x2048.png 1637w, https:\/\/www.taleensfood.com\/wp-content\/uploads\/2024\/06\/Mango-copy-10x12.png 10w, https:\/\/www.taleensfood.com\/wp-content\/uploads\/2024\/06\/Mango-copy-1320x1651.png 1320w, https:\/\/www.taleensfood.com\/wp-content\/uploads\/2024\/06\/Mango-copy.png 1870w\" sizes=\"(max-width: 819px) 100vw, 819px\" \/>\t\t\t\t\t\t\t\t\t\t\t\t\t\t\t<\/div>\n\t\t\t\t<\/div>\n\t\t\t\t<div class=\"elementor-element elementor-element-715eaa0 elementor-align-center elementor-mobile-align-center elementor-widget elementor-widget-button\" data-id=\"715eaa0\" data-element_type=\"widget\" data-widget_type=\"button.default\">\n\t\t\t\t<div class=\"elementor-widget-container\">\n\t\t\t\t\t\t\t\t\t<div class=\"elementor-button-wrapper\">\n\t\t\t\t\t<a class=\"elementor-button elementor-button-link elementor-size-sm elementor-animation-pulse-grow\" href=\"mailto:info@taleensfood.com\">\n\t\t\t\t\t\t<span class=\"elementor-button-content-wrapper\">\n\t\t\t\t\t\t\t\t\t<span class=\"elementor-button-text\">Demandez votre devis maintenant !<\/span>\n\t\t\t\t\t<\/span>\n\t\t\t\t\t<\/a>\n\t\t\t\t<\/div>\n\t\t\t\t\t\t\t\t<\/div>\n\t\t\t\t<\/div>\n\t\t\t\t\t<\/div>\n\t\t<\/div>\n\t\t\t\t\t<\/div>\n\t\t<\/section>\n\t\t\t\t<section class=\"elementor-section elementor-top-section elementor-element elementor-element-ae8344e elementor-section-boxed elementor-section-height-default elementor-section-height-default\" data-id=\"ae8344e\" data-element_type=\"section\">\n\t\t\t\t\t\t<div class=\"elementor-container elementor-column-gap-default\">\n\t\t\t\t\t<div class=\"elementor-column elementor-col-20 elementor-top-column elementor-element elementor-element-a48bd39\" data-id=\"a48bd39\" data-element_type=\"column\">\n\t\t\t<div class=\"elementor-widget-wrap elementor-element-populated\">\n\t\t\t\t\t\t<div class=\"elementor-element elementor-element-2816cba elementor-widget elementor-widget-heading\" data-id=\"2816cba\" data-element_type=\"widget\" data-widget_type=\"heading.default\">\n\t\t\t\t<div class=\"elementor-widget-container\">\n\t\t\t\t\t<h2 class=\"elementor-heading-title elementor-size-default\">Types d'emballage<\/h2>\t\t\t\t<\/div>\n\t\t\t\t<\/div>\n\t\t\t\t\t<\/div>\n\t\t<\/div>\n\t\t\t\t<div class=\"elementor-column elementor-col-20 elementor-top-column elementor-element elementor-element-8ac26ec\" data-id=\"8ac26ec\" data-element_type=\"column\">\n\t\t\t<div class=\"elementor-widget-wrap elementor-element-populated\">\n\t\t\t\t\t\t<div class=\"elementor-element elementor-element-b1fe8cb elementor-widget elementor-widget-image-box\" data-id=\"b1fe8cb\" data-element_type=\"widget\" data-widget_type=\"image-box.default\">\n\t\t\t\t<div class=\"elementor-widget-container\">\n\t\t\t\t\t<div class=\"elementor-image-box-wrapper\"><div class=\"elementor-image-box-content\"><h3 class=\"elementor-image-box-title\">400 g<\/h3><\/div><\/div>\t\t\t\t<\/div>\n\t\t\t\t<\/div>\n\t\t\t\t\t<\/div>\n\t\t<\/div>\n\t\t\t\t<div class=\"elementor-column elementor-col-20 elementor-top-column elementor-element elementor-element-ae9a561\" data-id=\"ae9a561\" data-element_type=\"column\">\n\t\t\t<div class=\"elementor-widget-wrap elementor-element-populated\">\n\t\t\t\t\t\t<div class=\"elementor-element elementor-element-f380c26 elementor-widget elementor-widget-image-box\" data-id=\"f380c26\" data-element_type=\"widget\" data-widget_type=\"image-box.default\">\n\t\t\t\t<div class=\"elementor-widget-container\">\n\t\t\t\t\t<div class=\"elementor-image-box-wrapper\"><div class=\"elementor-image-box-content\"><h3 class=\"elementor-image-box-title\">1 Kilo<\/h3><\/div><\/div>\t\t\t\t<\/div>\n\t\t\t\t<\/div>\n\t\t\t\t\t<\/div>\n\t\t<\/div>\n\t\t\t\t<div class=\"elementor-column elementor-col-20 elementor-top-column elementor-element elementor-element-3a30392\" data-id=\"3a30392\" data-element_type=\"column\">\n\t\t\t<div class=\"elementor-widget-wrap elementor-element-populated\">\n\t\t\t\t\t\t<div class=\"elementor-element elementor-element-06af783 elementor-widget elementor-widget-image-box\" data-id=\"06af783\" data-element_type=\"widget\" data-widget_type=\"image-box.default\">\n\t\t\t\t<div class=\"elementor-widget-container\">\n\t\t\t\t\t<div class=\"elementor-image-box-wrapper\"><div class=\"elementor-image-box-content\"><h3 class=\"elementor-image-box-title\">2,5 kilo<\/h3><\/div><\/div>\t\t\t\t<\/div>\n\t\t\t\t<\/div>\n\t\t\t\t\t<\/div>\n\t\t<\/div>\n\t\t\t\t<div class=\"elementor-column elementor-col-20 elementor-top-column elementor-element elementor-element-4c8f21e\" data-id=\"4c8f21e\" data-element_type=\"column\">\n\t\t\t<div class=\"elementor-widget-wrap elementor-element-populated\">\n\t\t\t\t\t\t<div class=\"elementor-element elementor-element-d142c02 elementor-widget elementor-widget-image-box\" data-id=\"d142c02\" data-element_type=\"widget\" data-widget_type=\"image-box.default\">\n\t\t\t\t<div class=\"elementor-widget-container\">\n\t\t\t\t\t<div class=\"elementor-image-box-wrapper\"><div class=\"elementor-image-box-content\"><h3 class=\"elementor-image-box-title\">10 kilo<\/h3><\/div><\/div>\t\t\t\t<\/div>\n\t\t\t\t<\/div>\n\t\t\t\t\t<\/div>\n\t\t<\/div>\n\t\t\t\t\t<\/div>\n\t\t<\/section>\n\t\t\t\t<section class=\"elementor-section elementor-top-section elementor-element elementor-element-yslnxjp elementor-section-content-top elementor-section-boxed elementor-section-height-default elementor-section-height-default\" data-id=\"yslnxjp\" data-element_type=\"section\" data-settings=\"{&quot;background_background&quot;:&quot;classic&quot;}\">\n\t\t\t\t\t\t\t<div class=\"elementor-background-overlay\"><\/div>\n\t\t\t\t\t\t\t<div class=\"elementor-container elementor-column-gap-no\">\n\t\t\t\t\t<div class=\"elementor-column elementor-col-100 elementor-top-column elementor-element elementor-element-7882748\" data-id=\"7882748\" data-element_type=\"column\">\n\t\t\t<div class=\"elementor-widget-wrap elementor-element-populated\">\n\t\t\t\t\t\t<div class=\"elementor-element elementor-element-9fc6712 elementor-widget elementor-widget-heading\" data-id=\"9fc6712\" data-element_type=\"widget\" data-widget_type=\"heading.default\">\n\t\t\t\t<div class=\"elementor-widget-container\">\n\t\t\t\t\t<h2 class=\"elementor-heading-title elementor-size-default\">Plus \u00e0 savoir ?!<\/h2>\t\t\t\t<\/div>\n\t\t\t\t<\/div>\n\t\t\t\t<div class=\"elementor-element elementor-element-631b990 elementor-widget elementor-widget-accordion\" data-id=\"631b990\" data-element_type=\"widget\" data-widget_type=\"accordion.default\">\n\t\t\t\t<div class=\"elementor-widget-container\">\n\t\t\t\t\t\t\t<div class=\"elementor-accordion\">\n\t\t\t\t\t\t\t<div class=\"elementor-accordion-item\">\n\t\t\t\t\t<div id=\"elementor-tab-title-1031\" class=\"elementor-tab-title\" data-tab=\"1\" role=\"button\" aria-controls=\"elementor-tab-content-1031\" aria-expanded=\"false\">\n\t\t\t\t\t\t\t\t\t\t\t\t\t<span class=\"elementor-accordion-icon elementor-accordion-icon-right\" aria-hidden=\"true\">\n\t\t\t\t\t\t\t\t\t\t\t\t\t\t\t<span class=\"elementor-accordion-icon-closed\"><i class=\"fas fa-plus-circle\"><\/i><\/span>\n\t\t\t\t\t\t\t\t<span class=\"elementor-accordion-icon-opened\"><i class=\"fas fa-minus-circle\"><\/i><\/span>\n\t\t\t\t\t\t\t\t\t\t\t\t\t\t<\/span>\n\t\t\t\t\t\t\t\t\t\t\t\t<a class=\"elementor-accordion-title\" tabindex=\"0\">Des vitamines dans la mangue ?<\/a>\n\t\t\t\t\t<\/div>\n\t\t\t\t\t<div id=\"elementor-tab-content-1031\" class=\"elementor-tab-content elementor-clearfix\" data-tab=\"1\" role=\"region\" aria-labelledby=\"elementor-tab-title-1031\"><div class=\"Message_botMessageBubble__CPGMI\"><div class=\"Markdown_markdownContainer__UyYrv\"><div class=\"Message_botMessageBubble__CPGMI\"><div class=\"Markdown_markdownContainer__UyYrv\"><div class=\"Message_botMessageBubble__CPGMI\"><div class=\"Markdown_markdownContainer__UyYrv\"><p>La mangue est un fruit nutritif riche en une vari\u00e9t\u00e9 de vitamines essentielles \u00e0 une bonne sant\u00e9. Voici quelques-unes des vitamines pr\u00e9sentes dans la mangue :<\/p><ol><li><p>Vitamine C : La mangue est une bonne source de\u00a0<a class=\"MarkdownLink_linkifiedLink__KxC9G\">vitamine C<\/a>, ce qui est important pour maintenir une bonne sant\u00e9\u00a0<a class=\"MarkdownLink_linkifiedLink__KxC9G\">syst\u00e8me immunitaire<\/a>, la peau et la cicatrisation des plaies. Une tasse de\u00a0<a class=\"MarkdownLink_linkifiedLink__KxC9G\">tranches de mangue<\/a>\u00a0contient environ 46 mg de vitamine C.<\/p><\/li><li><p>Vitamine A : La mangue est \u00e9galement une bonne source de\u00a0<a class=\"MarkdownLink_linkifiedLink__KxC9G\">vitamine A<\/a>, ce qui est important pour maintenir\u00a0<a class=\"MarkdownLink_linkifiedLink__KxC9G\">vision saine<\/a>, peau et fonction immunitaire. Une tasse de mangue tranch\u00e9e contient environ 1 785 UI de vitamine A.<\/p><\/li><li><p>Folate : La mangue est une excellente source de folate, ce qui est important pour\u00a0<a class=\"MarkdownLink_linkifiedLink__KxC9G\">croissance cellulaire saine<\/a>\u00a0et le d\u00e9veloppement, et est particuli\u00e8rement important pour les femmes enceintes. Une tasse de mangue tranch\u00e9e contient environ 71 mcg de folate.<\/p><\/li><li><p>Vitamine B6 : La mangue contient de la vitamine B6, qui est importante pour\u00a0<a class=\"MarkdownLink_linkifiedLink__KxC9G\">fonction c\u00e9r\u00e9brale<\/a>,\u00a0<a class=\"MarkdownLink_linkifiedLink__KxC9G\">le m\u00e9tabolisme \u00e9nerg\u00e9tique<\/a>, et la production de globules rouges. Une tasse de mangue tranch\u00e9e contient environ 0,2 mg de\u00a0<a class=\"MarkdownLink_linkifiedLink__KxC9G\">vitamine B6<\/a>.<\/p><\/li><li><p>Vitamine E : la mangue contient\u00a0<a class=\"MarkdownLink_linkifiedLink__KxC9G\">vitamine E<\/a>, ce qui est important pour une peau saine et la fonction immunitaire. Une tasse de mangue tranch\u00e9e contient environ 1,8 mg de vitamine E.<\/p><\/li><\/ol><p>Dans l'ensemble, la mangue est un fruit nutritif qui fournit une vari\u00e9t\u00e9 de vitamines essentielles \u00e0 une bonne sant\u00e9, avec un accent particulier sur la vitamine C, la vitamine A et le folate.<\/p><\/div><\/div><\/div><\/div><\/div><\/div><\/div>\n\t\t\t\t<\/div>\n\t\t\t\t\t\t\t<div class=\"elementor-accordion-item\">\n\t\t\t\t\t<div id=\"elementor-tab-title-1032\" class=\"elementor-tab-title\" data-tab=\"2\" role=\"button\" aria-controls=\"elementor-tab-content-1032\" aria-expanded=\"false\">\n\t\t\t\t\t\t\t\t\t\t\t\t\t<span class=\"elementor-accordion-icon elementor-accordion-icon-right\" aria-hidden=\"true\">\n\t\t\t\t\t\t\t\t\t\t\t\t\t\t\t<span class=\"elementor-accordion-icon-closed\"><i class=\"fas fa-plus-circle\"><\/i><\/span>\n\t\t\t\t\t\t\t\t<span class=\"elementor-accordion-icon-opened\"><i class=\"fas fa-minus-circle\"><\/i><\/span>\n\t\t\t\t\t\t\t\t\t\t\t\t\t\t<\/span>\n\t\t\t\t\t\t\t\t\t\t\t\t<a class=\"elementor-accordion-title\" tabindex=\"0\">Min\u00e9raux dans la mangue ?<\/a>\n\t\t\t\t\t<\/div>\n\t\t\t\t\t<div id=\"elementor-tab-content-1032\" class=\"elementor-tab-content elementor-clearfix\" data-tab=\"2\" role=\"region\" aria-labelledby=\"elementor-tab-title-1032\"><p>La mangue est un fruit nutritif riche en une vari\u00e9t\u00e9 de min\u00e9raux essentiels \u00e0 une bonne sant\u00e9. Voici quelques-uns des min\u00e9raux trouv\u00e9s dans la mangue :<\/p><ol><li><p>Potassium : La mangue est une bonne source de potassium, qui est important pour maintenir une tension art\u00e9rielle saine, la fonction nerveuse et musculaire, et\u00a0<a class=\"MarkdownLink_linkifiedLink__KxC9G\">sant\u00e9 cardiaque<\/a>. Une tasse de\u00a0<a class=\"MarkdownLink_linkifiedLink__KxC9G\">tranches de mangue<\/a>\u00a0contient environ 257 mg de potassium.<\/p><\/li><li><p>Magn\u00e9sium : La mangue est \u00e9galement une bonne source de magn\u00e9sium, ce qui est important pour une bonne sant\u00e9.\u00a0<a class=\"MarkdownLink_linkifiedLink__KxC9G\">d\u00e9veloppement osseux<\/a>, la fonction nerveuse et la fonction musculaire. Une tasse de mangue tranch\u00e9e contient environ 18 mg de magn\u00e9sium.<\/p><\/li><li><p>Calcium : La mangue contient une petite quantit\u00e9 de calcium, ce qui est important pour la sant\u00e9 des os et des dents, la fonction nerveuse et la fonction musculaire. Une tasse de mangue tranch\u00e9e contient environ 24 mg de calcium.<\/p><\/li><li><p>Phosphore : La mangue contient du phosphore, qui est important pour le d\u00e9veloppement sain des os et des dents, ainsi que pour la production d'\u00e9nergie. Une tasse de mangue tranch\u00e9e contient environ 23 mg de phosphore.<\/p><\/li><li><p>Fer : La mangue contient une petite quantit\u00e9 de fer, ce qui est important pour la production saine de globules rouges. Une tasse de mangue tranch\u00e9e contient environ 0,2 mg de fer.<\/p><\/li><\/ol><p>Dans l'ensemble, la mangue est un fruit nutritif qui fournit une vari\u00e9t\u00e9 de min\u00e9raux essentiels \u00e0 une bonne sant\u00e9, avec un accent particulier sur le potassium et le magn\u00e9sium.<\/p><\/div>\n\t\t\t\t<\/div>\n\t\t\t\t\t\t\t<div class=\"elementor-accordion-item\">\n\t\t\t\t\t<div id=\"elementor-tab-title-1033\" class=\"elementor-tab-title\" data-tab=\"3\" role=\"button\" aria-controls=\"elementor-tab-content-1033\" aria-expanded=\"false\">\n\t\t\t\t\t\t\t\t\t\t\t\t\t<span class=\"elementor-accordion-icon elementor-accordion-icon-right\" aria-hidden=\"true\">\n\t\t\t\t\t\t\t\t\t\t\t\t\t\t\t<span class=\"elementor-accordion-icon-closed\"><i class=\"fas fa-plus-circle\"><\/i><\/span>\n\t\t\t\t\t\t\t\t<span class=\"elementor-accordion-icon-opened\"><i class=\"fas fa-minus-circle\"><\/i><\/span>\n\t\t\t\t\t\t\t\t\t\t\t\t\t\t<\/span>\n\t\t\t\t\t\t\t\t\t\t\t\t<a class=\"elementor-accordion-title\" tabindex=\"0\">R\u00e9colte saisonni\u00e8re de mangue?<\/a>\n\t\t\t\t\t<\/div>\n\t\t\t\t\t<div id=\"elementor-tab-content-1033\" class=\"elementor-tab-content elementor-clearfix\" data-tab=\"3\" role=\"region\" aria-labelledby=\"elementor-tab-title-1033\"><p>mai \u2013 juin \u2013 juillet \u2013 ao\u00fbt<\/p><\/div>\n\t\t\t\t<\/div>\n\t\t\t\t\t\t\t\t<\/div>\n\t\t\t\t\t\t<\/div>\n\t\t\t\t<\/div>\n\t\t\t\t\t<\/div>\n\t\t<\/div>\n\t\t\t\t\t<\/div>\n\t\t<\/section>\n\t\t\t\t<section class=\"elementor-section elementor-top-section elementor-element elementor-element-0283392 elementor-section-boxed elementor-section-height-default elementor-section-height-default\" data-id=\"0283392\" data-element_type=\"section\" data-settings=\"{&quot;background_background&quot;:&quot;classic&quot;}\">\n\t\t\t\t\t\t<div class=\"elementor-container elementor-column-gap-default\">\n\t\t\t\t\t<div class=\"elementor-column elementor-col-50 elementor-top-column elementor-element elementor-element-ec07655\" data-id=\"ec07655\" data-element_type=\"column\">\n\t\t\t<div class=\"elementor-widget-wrap elementor-element-populated\">\n\t\t\t\t\t\t<div class=\"elementor-element elementor-element-7f934f4 elementor-widget elementor-widget-heading\" data-id=\"7f934f4\" data-element_type=\"widget\" data-widget_type=\"heading.default\">\n\t\t\t\t<div class=\"elementor-widget-container\">\n\t\t\t\t\t<h2 class=\"elementor-heading-title elementor-size-default\">Faites plaisir \u00e0 vos papilles avec de nouvelles recettes !<\/h2>\t\t\t\t<\/div>\n\t\t\t\t<\/div>\n\t\t\t\t\t<\/div>\n\t\t<\/div>\n\t\t\t\t<div class=\"elementor-column elementor-col-50 elementor-top-column elementor-element elementor-element-d6bfdb0\" data-id=\"d6bfdb0\" data-element_type=\"column\">\n\t\t\t<div class=\"elementor-widget-wrap elementor-element-populated\">\n\t\t\t\t\t\t<div class=\"elementor-element elementor-element-81511e0 elementor-widget elementor-widget-video\" data-id=\"81511e0\" data-element_type=\"widget\" data-settings=\"{&quot;youtube_url&quot;:&quot;https:\\\/\\\/www.youtube.com\\\/watch?v=vrad4QZ5SPw&amp;pp=ygUVbWFuZ28gaGVhbHRoeSByZWNpcGVz&quot;,&quot;video_type&quot;:&quot;youtube&quot;,&quot;controls&quot;:&quot;yes&quot;}\" data-widget_type=\"video.default\">\n\t\t\t\t<div class=\"elementor-widget-container\">\n\t\t\t\t\t\t\t<div class=\"elementor-wrapper elementor-open-inline\">\n\t\t\t<div class=\"elementor-video\"><\/div>\t\t<\/div>\n\t\t\t\t\t\t<\/div>\n\t\t\t\t<\/div>\n\t\t\t\t\t<\/div>\n\t\t<\/div>\n\t\t\t\t\t<\/div>\n\t\t<\/section>\n\t\t\t\t<\/div>","protected":false},"excerpt":{"rendered":"<p>Taleen&#8217;s Mango Sliced Our frozen mango slices are the perfect addition to any dish, whether you&#8217;re looking to make a refreshing smoothie or add a sweet and tangy twist to your favorite dessert. We carefully select only the highest quality mangoes and freeze them at their peak ripeness, ensuring that every slice is bursting with [&hellip;]<\/p>","protected":false},"author":2,"featured_media":0,"parent":0,"menu_order":0,"comment_status":"closed","ping_status":"closed","template":"","meta":{"site-sidebar-layout":"no-sidebar","site-content-layout":"page-builder","ast-site-content-layout":"default","site-content-style":"default","site-sidebar-style":"default","ast-global-header-display":"","ast-banner-title-visibility":"","ast-main-header-display":"","ast-hfb-above-header-display":"","ast-hfb-below-header-display":"","ast-hfb-mobile-header-display":"","site-post-title":"disabled","ast-breadcrumbs-content":"","ast-featured-img":"disabled","footer-sml-layout":"","theme-transparent-header-meta":"","adv-header-id-meta":"","stick-header-meta":"","header-above-stick-meta":"","header-main-stick-meta":"","header-below-stick-meta":"","astra-migrate-meta-layouts":"default","ast-page-background-enabled":"default","ast-page-background-meta":{"desktop":{"background-color":"","background-image":"","background-repeat":"repeat","background-position":"center center","background-size":"auto","background-attachment":"scroll","background-type":"","background-media":"","overlay-type":"","overlay-color":"","overlay-opacity":"","overlay-gradient":""},"tablet":{"background-color":"","background-image":"","background-repeat":"repeat","background-position":"center center","background-size":"auto","background-attachment":"scroll","background-type":"","background-media":"","overlay-type":"","overlay-color":"","overlay-opacity":"","overlay-gradient":""},"mobile":{"background-color":"","background-image":"","background-repeat":"repeat","background-position":"center center","background-size":"auto","background-attachment":"scroll","background-type":"","background-media":"","overlay-type":"","overlay-color":"","overlay-opacity":"","overlay-gradient":""}},"ast-content-background-meta":{"desktop":{"background-color":"var(--ast-global-color-5)","background-image":"","background-repeat":"repeat","background-position":"center center","background-size":"auto","background-attachment":"scroll","background-type":"","background-media":"","overlay-type":"","overlay-color":"","overlay-opacity":"","overlay-gradient":""},"tablet":{"background-color":"var(--ast-global-color-5)","background-image":"","background-repeat":"repeat","background-position":"center center","background-size":"auto","background-attachment":"scroll","background-type":"","background-media":"","overlay-type":"","overlay-color":"","overlay-opacity":"","overlay-gradient":""},"mobile":{"background-color":"var(--ast-global-color-5)","background-image":"","background-repeat":"repeat","background-position":"center center","background-size":"auto","background-attachment":"scroll","background-type":"","background-media":"","overlay-type":"","overlay-color":"","overlay-opacity":"","overlay-gradient":""}},"footnotes":""},"class_list":["post-6034","page","type-page","status-publish","hentry"],"_links":{"self":[{"href":"https:\/\/www.taleensfood.com\/fr\/wp-json\/wp\/v2\/pages\/6034","targetHints":{"allow":["GET"]}}],"collection":[{"href":"https:\/\/www.taleensfood.com\/fr\/wp-json\/wp\/v2\/pages"}],"about":[{"href":"https:\/\/www.taleensfood.com\/fr\/wp-json\/wp\/v2\/types\/page"}],"author":[{"embeddable":true,"href":"https:\/\/www.taleensfood.com\/fr\/wp-json\/wp\/v2\/users\/2"}],"replies":[{"embeddable":true,"href":"https:\/\/www.taleensfood.com\/fr\/wp-json\/wp\/v2\/comments?post=6034"}],"version-history":[{"count":39,"href":"https:\/\/www.taleensfood.com\/fr\/wp-json\/wp\/v2\/pages\/6034\/revisions"}],"predecessor-version":[{"id":7189,"href":"https:\/\/www.taleensfood.com\/fr\/wp-json\/wp\/v2\/pages\/6034\/revisions\/7189"}],"wp:attachment":[{"href":"https:\/\/www.taleensfood.com\/fr\/wp-json\/wp\/v2\/media?parent=6034"}],"curies":[{"name":"wp","href":"https:\/\/api.w.org\/{rel}","templated":true}]}}