{"id":5931,"date":"2023-06-26T01:46:32","date_gmt":"2023-06-26T01:46:32","guid":{"rendered":"https:\/\/frostngoodness.com\/?page_id=5931"},"modified":"2024-07-11T21:29:43","modified_gmt":"2024-07-11T21:29:43","slug":"peas-carrots","status":"publish","type":"page","link":"https:\/\/www.taleensfood.com\/fr\/peas-carrots\/","title":{"rendered":"Pois et Carottes"},"content":{"rendered":"<div data-elementor-type=\"wp-page\" data-elementor-id=\"5931\" class=\"elementor elementor-5931\">\n\t\t\t\t\t\t<section class=\"elementor-section elementor-top-section elementor-element elementor-element-8e06d85 elementor-section-boxed elementor-section-height-default elementor-section-height-default\" data-id=\"8e06d85\" data-element_type=\"section\">\n\t\t\t\t\t\t<div class=\"elementor-container elementor-column-gap-default\">\n\t\t\t\t\t<div class=\"elementor-column elementor-col-100 elementor-top-column elementor-element elementor-element-9b67644\" data-id=\"9b67644\" data-element_type=\"column\">\n\t\t\t<div class=\"elementor-widget-wrap elementor-element-populated\">\n\t\t\t\t\t\t<div class=\"elementor-element elementor-element-2dd5850 elementor-widget elementor-widget-spacer\" data-id=\"2dd5850\" data-element_type=\"widget\" data-widget_type=\"spacer.default\">\n\t\t\t\t<div class=\"elementor-widget-container\">\n\t\t\t\t\t\t\t<div class=\"elementor-spacer\">\n\t\t\t<div class=\"elementor-spacer-inner\"><\/div>\n\t\t<\/div>\n\t\t\t\t\t\t<\/div>\n\t\t\t\t<\/div>\n\t\t\t\t\t<\/div>\n\t\t<\/div>\n\t\t\t\t\t<\/div>\n\t\t<\/section>\n\t\t\t\t<section class=\"elementor-section elementor-top-section elementor-element elementor-element-653cc25 elementor-section-content-middle elementor-section-boxed elementor-section-height-default elementor-section-height-default\" data-id=\"653cc25\" data-element_type=\"section\" data-settings=\"{&quot;background_background&quot;:&quot;classic&quot;}\">\n\t\t\t\t\t\t\t<div class=\"elementor-background-overlay\"><\/div>\n\t\t\t\t\t\t\t<div class=\"elementor-container elementor-column-gap-default\">\n\t\t\t\t\t<div class=\"elementor-column elementor-col-100 elementor-top-column elementor-element elementor-element-07635f4\" data-id=\"07635f4\" data-element_type=\"column\">\n\t\t\t<div class=\"elementor-widget-wrap elementor-element-populated\">\n\t\t\t\t\t\t<div class=\"elementor-element elementor-element-8873dfd elementor-widget elementor-widget-heading\" data-id=\"8873dfd\" data-element_type=\"widget\" data-widget_type=\"heading.default\">\n\t\t\t\t<div class=\"elementor-widget-container\">\n\t\t\t\t\t<h1 class=\"elementor-heading-title elementor-size-default\">Taleen's Peas &amp; Carrots<\/h1>\t\t\t\t<\/div>\n\t\t\t\t<\/div>\n\t\t\t\t\t<\/div>\n\t\t<\/div>\n\t\t\t\t\t<\/div>\n\t\t<\/section>\n\t\t\t\t<section class=\"elementor-section elementor-top-section elementor-element elementor-element-6dd08cx elementor-section-content-middle elementor-section-boxed elementor-section-height-default elementor-section-height-default\" data-id=\"6dd08cx\" data-element_type=\"section\" data-settings=\"{&quot;background_background&quot;:&quot;classic&quot;}\">\n\t\t\t\t\t\t\t<div class=\"elementor-background-overlay\"><\/div>\n\t\t\t\t\t\t\t<div class=\"elementor-container elementor-column-gap-no\">\n\t\t\t\t\t<div class=\"elementor-column elementor-col-50 elementor-top-column elementor-element elementor-element-ae5748a\" data-id=\"ae5748a\" data-element_type=\"column\">\n\t\t\t<div class=\"elementor-widget-wrap elementor-element-populated\">\n\t\t\t\t\t\t<div class=\"elementor-element elementor-element-fe0145e elementor-widget elementor-widget-text-editor\" data-id=\"fe0145e\" data-element_type=\"widget\" data-widget_type=\"text-editor.default\">\n\t\t\t\t<div class=\"elementor-widget-container\">\n\t\t\t\t\t\t\t\t\t<p><strong>Looking for a delicious and convenient way to add vegetables to your meals? Taleen&#8217;s peas and carrots are the perfect solution! Our frozen peas and carrots are carefully selected and picked at the peak of freshness, then frozen to lock in their flavor and nutrients.<\/strong><\/p><p><strong>Nos pois et nos carottes sont une combinaison classique parfaite pour une large gamme de plats, des rago\u00fbts copieux et des casseroles aux simples saut\u00e9s et plats d'accompagnement. Les carottes douces et tendres et les pois brillants et savoureux sont une excellente source de vitamines et de fibres, ce qui en fait un ajout sain \u00e0 tout repas.<\/strong><\/p><p><strong>At Taleen&#8217;s , we&#8217;re committed to providing high-quality, flavorful frozen foods that make mealtime easy and enjoyable. Our peas and carrots are no exception &#8211; they&#8217;re a versatile and tasty option that you can feel good about serving to your family and friends.<\/strong><\/p>\t\t\t\t\t\t\t\t<\/div>\n\t\t\t\t<\/div>\n\t\t\t\t<div class=\"elementor-element elementor-element-d5f0685 elementor-align-left elementor-widget__width-inherit elementor-widget elementor-widget-button\" data-id=\"d5f0685\" data-element_type=\"widget\" data-widget_type=\"button.default\">\n\t\t\t\t<div class=\"elementor-widget-container\">\n\t\t\t\t\t\t\t\t\t<div class=\"elementor-button-wrapper\">\n\t\t\t\t\t<a class=\"elementor-button elementor-button-link elementor-size-sm\" href=\"#\">\n\t\t\t\t\t\t<span class=\"elementor-button-content-wrapper\">\n\t\t\t\t\t\t\t\t\t<span class=\"elementor-button-text\">Gardez congel\u00e9 en dessous de -18 C<\/span>\n\t\t\t\t\t<\/span>\n\t\t\t\t\t<\/a>\n\t\t\t\t<\/div>\n\t\t\t\t\t\t\t\t<\/div>\n\t\t\t\t<\/div>\n\t\t\t\t\t<\/div>\n\t\t<\/div>\n\t\t\t\t<div class=\"elementor-column elementor-col-50 elementor-top-column elementor-element elementor-element-215c863\" data-id=\"215c863\" data-element_type=\"column\">\n\t\t\t<div class=\"elementor-widget-wrap elementor-element-populated\">\n\t\t\t\t\t\t<div class=\"elementor-element elementor-element-05a7b34 elementor-widget elementor-widget-image\" data-id=\"05a7b34\" data-element_type=\"widget\" data-widget_type=\"image.default\">\n\t\t\t\t<div class=\"elementor-widget-container\">\n\t\t\t\t\t\t\t\t\t\t\t\t\t\t\t<img fetchpriority=\"high\" decoding=\"async\" width=\"768\" height=\"961\" src=\"https:\/\/www.taleensfood.com\/wp-content\/uploads\/2024\/06\/Mixed-Peas-and-Carrots-768x961.png\" class=\"attachment-medium_large size-medium_large wp-image-6783\" alt=\"\" srcset=\"https:\/\/www.taleensfood.com\/wp-content\/uploads\/2024\/06\/Mixed-Peas-and-Carrots-768x961.png 768w, https:\/\/www.taleensfood.com\/wp-content\/uploads\/2024\/06\/Mixed-Peas-and-Carrots-240x300.png 240w, https:\/\/www.taleensfood.com\/wp-content\/uploads\/2024\/06\/Mixed-Peas-and-Carrots-819x1024.png 819w, https:\/\/www.taleensfood.com\/wp-content\/uploads\/2024\/06\/Mixed-Peas-and-Carrots-1228x1536.png 1228w, https:\/\/www.taleensfood.com\/wp-content\/uploads\/2024\/06\/Mixed-Peas-and-Carrots-1637x2048.png 1637w, https:\/\/www.taleensfood.com\/wp-content\/uploads\/2024\/06\/Mixed-Peas-and-Carrots-10x12.png 10w, https:\/\/www.taleensfood.com\/wp-content\/uploads\/2024\/06\/Mixed-Peas-and-Carrots-1320x1651.png 1320w, https:\/\/www.taleensfood.com\/wp-content\/uploads\/2024\/06\/Mixed-Peas-and-Carrots.png 1870w\" sizes=\"(max-width: 768px) 100vw, 768px\" \/>\t\t\t\t\t\t\t\t\t\t\t\t\t\t\t<\/div>\n\t\t\t\t<\/div>\n\t\t\t\t<div class=\"elementor-element elementor-element-281cce5 elementor-align-center elementor-mobile-align-center elementor-widget elementor-widget-button\" data-id=\"281cce5\" data-element_type=\"widget\" data-widget_type=\"button.default\">\n\t\t\t\t<div class=\"elementor-widget-container\">\n\t\t\t\t\t\t\t\t\t<div class=\"elementor-button-wrapper\">\n\t\t\t\t\t<a class=\"elementor-button elementor-button-link elementor-size-sm elementor-animation-pulse-grow\" href=\"mailto:info@taleensfood.com\">\n\t\t\t\t\t\t<span class=\"elementor-button-content-wrapper\">\n\t\t\t\t\t\t\t\t\t<span class=\"elementor-button-text\">Demandez votre devis maintenant !<\/span>\n\t\t\t\t\t<\/span>\n\t\t\t\t\t<\/a>\n\t\t\t\t<\/div>\n\t\t\t\t\t\t\t\t<\/div>\n\t\t\t\t<\/div>\n\t\t\t\t\t<\/div>\n\t\t<\/div>\n\t\t\t\t\t<\/div>\n\t\t<\/section>\n\t\t\t\t<section class=\"elementor-section elementor-top-section elementor-element elementor-element-ae8344e elementor-section-boxed elementor-section-height-default elementor-section-height-default\" data-id=\"ae8344e\" data-element_type=\"section\">\n\t\t\t\t\t\t<div class=\"elementor-container elementor-column-gap-default\">\n\t\t\t\t\t<div class=\"elementor-column elementor-col-20 elementor-top-column elementor-element elementor-element-a48bd39\" data-id=\"a48bd39\" data-element_type=\"column\">\n\t\t\t<div class=\"elementor-widget-wrap elementor-element-populated\">\n\t\t\t\t\t\t<div class=\"elementor-element elementor-element-2816cba elementor-widget elementor-widget-heading\" data-id=\"2816cba\" data-element_type=\"widget\" data-widget_type=\"heading.default\">\n\t\t\t\t<div class=\"elementor-widget-container\">\n\t\t\t\t\t<h2 class=\"elementor-heading-title elementor-size-default\">Types d'emballage<\/h2>\t\t\t\t<\/div>\n\t\t\t\t<\/div>\n\t\t\t\t\t<\/div>\n\t\t<\/div>\n\t\t\t\t<div class=\"elementor-column elementor-col-20 elementor-top-column elementor-element elementor-element-8ac26ec\" data-id=\"8ac26ec\" data-element_type=\"column\">\n\t\t\t<div class=\"elementor-widget-wrap elementor-element-populated\">\n\t\t\t\t\t\t<div class=\"elementor-element elementor-element-b1fe8cb elementor-widget elementor-widget-image-box\" data-id=\"b1fe8cb\" data-element_type=\"widget\" data-widget_type=\"image-box.default\">\n\t\t\t\t<div class=\"elementor-widget-container\">\n\t\t\t\t\t<div class=\"elementor-image-box-wrapper\"><div class=\"elementor-image-box-content\"><h2 class=\"elementor-image-box-title\">400 g<\/h2><\/div><\/div>\t\t\t\t<\/div>\n\t\t\t\t<\/div>\n\t\t\t\t\t<\/div>\n\t\t<\/div>\n\t\t\t\t<div class=\"elementor-column elementor-col-20 elementor-top-column elementor-element elementor-element-ae9a561\" data-id=\"ae9a561\" data-element_type=\"column\">\n\t\t\t<div class=\"elementor-widget-wrap elementor-element-populated\">\n\t\t\t\t\t\t<div class=\"elementor-element elementor-element-f380c26 elementor-widget elementor-widget-image-box\" data-id=\"f380c26\" data-element_type=\"widget\" data-widget_type=\"image-box.default\">\n\t\t\t\t<div class=\"elementor-widget-container\">\n\t\t\t\t\t<div class=\"elementor-image-box-wrapper\"><div class=\"elementor-image-box-content\"><h2 class=\"elementor-image-box-title\">1 Kilo<\/h2><\/div><\/div>\t\t\t\t<\/div>\n\t\t\t\t<\/div>\n\t\t\t\t\t<\/div>\n\t\t<\/div>\n\t\t\t\t<div class=\"elementor-column elementor-col-20 elementor-top-column elementor-element elementor-element-3a30392\" data-id=\"3a30392\" data-element_type=\"column\">\n\t\t\t<div class=\"elementor-widget-wrap elementor-element-populated\">\n\t\t\t\t\t\t<div class=\"elementor-element elementor-element-06af783 elementor-widget elementor-widget-image-box\" data-id=\"06af783\" data-element_type=\"widget\" data-widget_type=\"image-box.default\">\n\t\t\t\t<div class=\"elementor-widget-container\">\n\t\t\t\t\t<div class=\"elementor-image-box-wrapper\"><div class=\"elementor-image-box-content\"><h2 class=\"elementor-image-box-title\">2,5 kilo<\/h2><\/div><\/div>\t\t\t\t<\/div>\n\t\t\t\t<\/div>\n\t\t\t\t\t<\/div>\n\t\t<\/div>\n\t\t\t\t<div class=\"elementor-column elementor-col-20 elementor-top-column elementor-element elementor-element-4c8f21e\" data-id=\"4c8f21e\" data-element_type=\"column\">\n\t\t\t<div class=\"elementor-widget-wrap elementor-element-populated\">\n\t\t\t\t\t\t<div class=\"elementor-element elementor-element-d142c02 elementor-widget elementor-widget-image-box\" data-id=\"d142c02\" data-element_type=\"widget\" data-widget_type=\"image-box.default\">\n\t\t\t\t<div class=\"elementor-widget-container\">\n\t\t\t\t\t<div class=\"elementor-image-box-wrapper\"><div class=\"elementor-image-box-content\"><h2 class=\"elementor-image-box-title\">10 kilo<\/h2><\/div><\/div>\t\t\t\t<\/div>\n\t\t\t\t<\/div>\n\t\t\t\t\t<\/div>\n\t\t<\/div>\n\t\t\t\t\t<\/div>\n\t\t<\/section>\n\t\t\t\t<section class=\"elementor-section elementor-top-section elementor-element elementor-element-yslnxjp elementor-section-content-top elementor-section-boxed elementor-section-height-default elementor-section-height-default\" data-id=\"yslnxjp\" data-element_type=\"section\" data-settings=\"{&quot;background_background&quot;:&quot;classic&quot;}\">\n\t\t\t\t\t\t\t<div class=\"elementor-background-overlay\"><\/div>\n\t\t\t\t\t\t\t<div class=\"elementor-container elementor-column-gap-no\">\n\t\t\t\t\t<div class=\"elementor-column elementor-col-100 elementor-top-column elementor-element elementor-element-7882748\" data-id=\"7882748\" data-element_type=\"column\">\n\t\t\t<div class=\"elementor-widget-wrap elementor-element-populated\">\n\t\t\t\t\t\t<div class=\"elementor-element elementor-element-9fc6712 elementor-widget elementor-widget-heading\" data-id=\"9fc6712\" data-element_type=\"widget\" data-widget_type=\"heading.default\">\n\t\t\t\t<div class=\"elementor-widget-container\">\n\t\t\t\t\t<h2 class=\"elementor-heading-title elementor-size-default\">Plus \u00e0 savoir ?!<\/h2>\t\t\t\t<\/div>\n\t\t\t\t<\/div>\n\t\t\t\t<div class=\"elementor-element elementor-element-631b990 elementor-widget elementor-widget-accordion\" data-id=\"631b990\" data-element_type=\"widget\" data-widget_type=\"accordion.default\">\n\t\t\t\t<div class=\"elementor-widget-container\">\n\t\t\t\t\t\t\t<div class=\"elementor-accordion\">\n\t\t\t\t\t\t\t<div class=\"elementor-accordion-item\">\n\t\t\t\t\t<div id=\"elementor-tab-title-1031\" class=\"elementor-tab-title\" data-tab=\"1\" role=\"button\" aria-controls=\"elementor-tab-content-1031\" aria-expanded=\"false\">\n\t\t\t\t\t\t\t\t\t\t\t\t\t<span class=\"elementor-accordion-icon elementor-accordion-icon-right\" aria-hidden=\"true\">\n\t\t\t\t\t\t\t\t\t\t\t\t\t\t\t<span class=\"elementor-accordion-icon-closed\"><i class=\"fas fa-plus-circle\"><\/i><\/span>\n\t\t\t\t\t\t\t\t<span class=\"elementor-accordion-icon-opened\"><i class=\"fas fa-minus-circle\"><\/i><\/span>\n\t\t\t\t\t\t\t\t\t\t\t\t\t\t<\/span>\n\t\t\t\t\t\t\t\t\t\t\t\t<a class=\"elementor-accordion-title\" tabindex=\"0\">Des vitamines dans les pois et les carottes ?<\/a>\n\t\t\t\t\t<\/div>\n\t\t\t\t\t<div id=\"elementor-tab-content-1031\" class=\"elementor-tab-content elementor-clearfix\" data-tab=\"1\" role=\"region\" aria-labelledby=\"elementor-tab-title-1031\"><div class=\"Message_botMessageBubble__CPGMI\"><div class=\"Markdown_markdownContainer__UyYrv\"><p>Petits pois:<\/p><ul><li>Vitamine C : Les pois sont une bonne source de\u00a0<a class=\"MarkdownLink_linkifiedLink__KxC9G\">vitamine C<\/a>, ce qui est important pour\u00a0<a class=\"MarkdownLink_linkifiedLink__KxC9G\">fonction du syst\u00e8me immunitaire<\/a>, la sant\u00e9 de la peau et\u00a0<a class=\"MarkdownLink_linkifiedLink__KxC9G\">cicatrisation<\/a>.<\/li><li>Vitamine K : Les pois sont \u00e9galement riches en\u00a0<a class=\"MarkdownLink_linkifiedLink__KxC9G\">vitamine K<\/a>, qui joue un r\u00f4le dans la coagulation du sang et la sant\u00e9 des os.<\/li><li>Vitamines B : Les pois contiennent plusieurs vitamines B, dont la thiamine, la riboflavine, la niacine et le folate, qui sont importantes pour\u00a0<a class=\"MarkdownLink_linkifiedLink__KxC9G\">le m\u00e9tabolisme \u00e9nerg\u00e9tique<\/a>\u00a0and brain function.<\/li><\/ul><p>Carottes:<\/p><ul><li>Vitamine A : Les carottes sont particuli\u00e8rement riches en\u00a0<a class=\"MarkdownLink_linkifiedLink__KxC9G\">vitamine A<\/a>, ce qui est important pour la vision, le fonctionnement du syst\u00e8me immunitaire et la sant\u00e9 de la peau.<\/li><li>Vitamine K : Comme les pois, les carottes sont \u00e9galement une bonne source de vitamine K.<\/li><li>Vitamines B : Les carottes contiennent plusieurs vitamines B, dont la thiamine, la niacine et le folate.<\/li><\/ul><\/div><\/div><\/div>\n\t\t\t\t<\/div>\n\t\t\t\t\t\t\t<div class=\"elementor-accordion-item\">\n\t\t\t\t\t<div id=\"elementor-tab-title-1032\" class=\"elementor-tab-title\" data-tab=\"2\" role=\"button\" aria-controls=\"elementor-tab-content-1032\" aria-expanded=\"false\">\n\t\t\t\t\t\t\t\t\t\t\t\t\t<span class=\"elementor-accordion-icon elementor-accordion-icon-right\" aria-hidden=\"true\">\n\t\t\t\t\t\t\t\t\t\t\t\t\t\t\t<span class=\"elementor-accordion-icon-closed\"><i class=\"fas fa-plus-circle\"><\/i><\/span>\n\t\t\t\t\t\t\t\t<span class=\"elementor-accordion-icon-opened\"><i class=\"fas fa-minus-circle\"><\/i><\/span>\n\t\t\t\t\t\t\t\t\t\t\t\t\t\t<\/span>\n\t\t\t\t\t\t\t\t\t\t\t\t<a class=\"elementor-accordion-title\" tabindex=\"0\">Min\u00e9raux dans les pois et les carottes ?<\/a>\n\t\t\t\t\t<\/div>\n\t\t\t\t\t<div id=\"elementor-tab-content-1032\" class=\"elementor-tab-content elementor-clearfix\" data-tab=\"2\" role=\"region\" aria-labelledby=\"elementor-tab-title-1032\"><p>Oui, les pois et les carottes sont de bonnes sources de\u00a0<a class=\"MarkdownLink_linkifiedLink__KxC9G\">min\u00e9raux essentiels<\/a>\u00a0qui sont importants pour\u00a0<a class=\"MarkdownLink_linkifiedLink__KxC9G\">sant\u00e9 globale<\/a>\u00a0et bien-\u00eatre. Voici quelques-uns des principaux min\u00e9raux pr\u00e9sents dans les pois et les carottes :<\/p><p>Petits pois:<\/p><ul><li>Fer : Les pois contiennent des quantit\u00e9s mod\u00e9r\u00e9es de fer, ce qui est important pour transporter l'oxyg\u00e8ne dans tout le corps et pr\u00e9venir l'an\u00e9mie.<\/li><li>Magn\u00e9sium : Les pois sont une bonne source de magn\u00e9sium, qui est important pour la sant\u00e9 des os, la fonction musculaire et\u00a0<a class=\"MarkdownLink_linkifiedLink__KxC9G\">fonction nerveuse<\/a>.<\/li><li>Potassium : Les pois sont une bonne source de potassium, qui aide \u00e0 r\u00e9guler la tension art\u00e9rielle et soutient\u00a0<a class=\"MarkdownLink_linkifiedLink__KxC9G\">sant\u00e9 cardiaque<\/a>.<\/li><li>Zinc : les pois contiennent de petites quantit\u00e9s de\u00a0<a class=\"MarkdownLink_linkifiedLink__KxC9G\">zinc<\/a>, ce qui est important pour\u00a0<a class=\"MarkdownLink_linkifiedLink__KxC9G\">fonction du syst\u00e8me immunitaire<\/a>\u00a0and\u00a0<a class=\"MarkdownLink_linkifiedLink__KxC9G\">cicatrisation<\/a>.<\/li><\/ul><p>Carottes:<\/p><ul><li>Potassium : Les carottes sont une bonne source de potassium, qui aide \u00e0 r\u00e9guler la tension art\u00e9rielle et favorise la sant\u00e9 cardiaque.<\/li><li>Phosphore : les carottes contiennent de petites quantit\u00e9s de phosphore, ce qui est important pour la sant\u00e9 des os et\u00a0<a class=\"MarkdownLink_linkifiedLink__KxC9G\">le m\u00e9tabolisme \u00e9nerg\u00e9tique<\/a>.<\/li><li>Calcium : Bien qu'il ne s'agisse pas d'une source majeure, les carottes contiennent \u00e9galement de petites quantit\u00e9s de calcium, ce qui est important pour la sant\u00e9 des os.<\/li><li>Magn\u00e9sium : Les carottes sont une bonne source de magn\u00e9sium, qui est important pour la sant\u00e9 des os, la fonction musculaire et la fonction nerveuse.<\/li><\/ul><p>Dans l'ensemble, inclure des pois et des carottes dans votre alimentation peut aider \u00e0 fournir une large gamme de min\u00e9raux essentiels qui favorisent la sant\u00e9 et le bien-\u00eatre en g\u00e9n\u00e9ral.<\/p><\/div>\n\t\t\t\t<\/div>\n\t\t\t\t\t\t\t<div class=\"elementor-accordion-item\">\n\t\t\t\t\t<div id=\"elementor-tab-title-1033\" class=\"elementor-tab-title\" data-tab=\"3\" role=\"button\" aria-controls=\"elementor-tab-content-1033\" aria-expanded=\"false\">\n\t\t\t\t\t\t\t\t\t\t\t\t\t<span class=\"elementor-accordion-icon elementor-accordion-icon-right\" aria-hidden=\"true\">\n\t\t\t\t\t\t\t\t\t\t\t\t\t\t\t<span class=\"elementor-accordion-icon-closed\"><i class=\"fas fa-plus-circle\"><\/i><\/span>\n\t\t\t\t\t\t\t\t<span class=\"elementor-accordion-icon-opened\"><i class=\"fas fa-minus-circle\"><\/i><\/span>\n\t\t\t\t\t\t\t\t\t\t\t\t\t\t<\/span>\n\t\t\t\t\t\t\t\t\t\t\t\t<a class=\"elementor-accordion-title\" tabindex=\"0\">R\u00e9colte saisonni\u00e8re de pois et carottes ?<\/a>\n\t\t\t\t\t<\/div>\n\t\t\t\t\t<div id=\"elementor-tab-content-1033\" class=\"elementor-tab-content elementor-clearfix\" data-tab=\"3\" role=\"region\" aria-labelledby=\"elementor-tab-title-1033\"><p>Juin - Juillet - Aout<\/p><\/div>\n\t\t\t\t<\/div>\n\t\t\t\t\t\t\t\t<\/div>\n\t\t\t\t\t\t<\/div>\n\t\t\t\t<\/div>\n\t\t\t\t\t<\/div>\n\t\t<\/div>\n\t\t\t\t\t<\/div>\n\t\t<\/section>\n\t\t\t\t<section class=\"elementor-section elementor-top-section elementor-element elementor-element-0283392 elementor-section-boxed elementor-section-height-default elementor-section-height-default\" data-id=\"0283392\" data-element_type=\"section\" data-settings=\"{&quot;background_background&quot;:&quot;classic&quot;}\">\n\t\t\t\t\t\t<div class=\"elementor-container elementor-column-gap-default\">\n\t\t\t\t\t<div class=\"elementor-column elementor-col-50 elementor-top-column elementor-element elementor-element-ec07655\" data-id=\"ec07655\" data-element_type=\"column\">\n\t\t\t<div class=\"elementor-widget-wrap elementor-element-populated\">\n\t\t\t\t\t\t<div class=\"elementor-element elementor-element-7f934f4 elementor-widget elementor-widget-heading\" data-id=\"7f934f4\" data-element_type=\"widget\" data-widget_type=\"heading.default\">\n\t\t\t\t<div class=\"elementor-widget-container\">\n\t\t\t\t\t<h2 class=\"elementor-heading-title elementor-size-default\">Faites plaisir \u00e0 vos papilles avec de nouvelles recettes !<\/h2>\t\t\t\t<\/div>\n\t\t\t\t<\/div>\n\t\t\t\t\t<\/div>\n\t\t<\/div>\n\t\t\t\t<div class=\"elementor-column elementor-col-50 elementor-top-column elementor-element elementor-element-d6bfdb0\" data-id=\"d6bfdb0\" data-element_type=\"column\">\n\t\t\t<div class=\"elementor-widget-wrap elementor-element-populated\">\n\t\t\t\t\t\t<div class=\"elementor-element elementor-element-81511e0 elementor-widget elementor-widget-video\" data-id=\"81511e0\" data-element_type=\"widget\" data-settings=\"{&quot;youtube_url&quot;:&quot;https:\\\/\\\/www.youtube.com\\\/watch?v=PTS4tSmp5KA&amp;pp=ygUadmVnZXRhYmxlcyByZWNpcGVzIGhlYWx0aHk%3D&quot;,&quot;video_type&quot;:&quot;youtube&quot;,&quot;controls&quot;:&quot;yes&quot;}\" data-widget_type=\"video.default\">\n\t\t\t\t<div class=\"elementor-widget-container\">\n\t\t\t\t\t\t\t<div class=\"elementor-wrapper elementor-open-inline\">\n\t\t\t<div class=\"elementor-video\"><\/div>\t\t<\/div>\n\t\t\t\t\t\t<\/div>\n\t\t\t\t<\/div>\n\t\t\t\t\t<\/div>\n\t\t<\/div>\n\t\t\t\t\t<\/div>\n\t\t<\/section>\n\t\t\t\t<\/div>","protected":false},"excerpt":{"rendered":"<p>Taleen&#8217;s Peas &#038; Carrots Looking for a delicious and convenient way to add vegetables to your meals? Taleen&#8217;s peas and carrots are the perfect solution! Our frozen peas and carrots are carefully selected and picked at the peak of freshness, then frozen to lock in their flavor and nutrients. Our peas and carrots are a [&hellip;]<\/p>","protected":false},"author":2,"featured_media":0,"parent":0,"menu_order":0,"comment_status":"closed","ping_status":"closed","template":"","meta":{"site-sidebar-layout":"no-sidebar","site-content-layout":"page-builder","ast-site-content-layout":"default","site-content-style":"default","site-sidebar-style":"default","ast-global-header-display":"","ast-banner-title-visibility":"","ast-main-header-display":"","ast-hfb-above-header-display":"","ast-hfb-below-header-display":"","ast-hfb-mobile-header-display":"","site-post-title":"disabled","ast-breadcrumbs-content":"","ast-featured-img":"disabled","footer-sml-layout":"","theme-transparent-header-meta":"","adv-header-id-meta":"","stick-header-meta":"","header-above-stick-meta":"","header-main-stick-meta":"","header-below-stick-meta":"","astra-migrate-meta-layouts":"default","ast-page-background-enabled":"default","ast-page-background-meta":{"desktop":{"background-color":"","background-image":"","background-repeat":"repeat","background-position":"center center","background-size":"auto","background-attachment":"scroll","background-type":"","background-media":"","overlay-type":"","overlay-color":"","overlay-opacity":"","overlay-gradient":""},"tablet":{"background-color":"","background-image":"","background-repeat":"repeat","background-position":"center center","background-size":"auto","background-attachment":"scroll","background-type":"","background-media":"","overlay-type":"","overlay-color":"","overlay-opacity":"","overlay-gradient":""},"mobile":{"background-color":"","background-image":"","background-repeat":"repeat","background-position":"center center","background-size":"auto","background-attachment":"scroll","background-type":"","background-media":"","overlay-type":"","overlay-color":"","overlay-opacity":"","overlay-gradient":""}},"ast-content-background-meta":{"desktop":{"background-color":"var(--ast-global-color-5)","background-image":"","background-repeat":"repeat","background-position":"center center","background-size":"auto","background-attachment":"scroll","background-type":"","background-media":"","overlay-type":"","overlay-color":"","overlay-opacity":"","overlay-gradient":""},"tablet":{"background-color":"var(--ast-global-color-5)","background-image":"","background-repeat":"repeat","background-position":"center center","background-size":"auto","background-attachment":"scroll","background-type":"","background-media":"","overlay-type":"","overlay-color":"","overlay-opacity":"","overlay-gradient":""},"mobile":{"background-color":"var(--ast-global-color-5)","background-image":"","background-repeat":"repeat","background-position":"center center","background-size":"auto","background-attachment":"scroll","background-type":"","background-media":"","overlay-type":"","overlay-color":"","overlay-opacity":"","overlay-gradient":""}},"footnotes":""},"class_list":["post-5931","page","type-page","status-publish","hentry"],"_links":{"self":[{"href":"https:\/\/www.taleensfood.com\/fr\/wp-json\/wp\/v2\/pages\/5931","targetHints":{"allow":["GET"]}}],"collection":[{"href":"https:\/\/www.taleensfood.com\/fr\/wp-json\/wp\/v2\/pages"}],"about":[{"href":"https:\/\/www.taleensfood.com\/fr\/wp-json\/wp\/v2\/types\/page"}],"author":[{"embeddable":true,"href":"https:\/\/www.taleensfood.com\/fr\/wp-json\/wp\/v2\/users\/2"}],"replies":[{"embeddable":true,"href":"https:\/\/www.taleensfood.com\/fr\/wp-json\/wp\/v2\/comments?post=5931"}],"version-history":[{"count":56,"href":"https:\/\/www.taleensfood.com\/fr\/wp-json\/wp\/v2\/pages\/5931\/revisions"}],"predecessor-version":[{"id":7185,"href":"https:\/\/www.taleensfood.com\/fr\/wp-json\/wp\/v2\/pages\/5931\/revisions\/7185"}],"wp:attachment":[{"href":"https:\/\/www.taleensfood.com\/fr\/wp-json\/wp\/v2\/media?parent=5931"}],"curies":[{"name":"wp","href":"https:\/\/api.w.org\/{rel}","templated":true}]}}